{"id":106,"date":"2026-05-12T14:50:40","date_gmt":"2026-05-12T14:50:40","guid":{"rendered":"https:\/\/desdesign.es\/iolidmateos\/?page_id=106"},"modified":"2026-05-13T14:15:43","modified_gmt":"2026-05-13T14:15:43","slug":"wip","status":"publish","type":"page","link":"https:\/\/desdesign.es\/iolidmateos\/","title":{"rendered":"Wip"},"content":{"rendered":"<div class=\"et_pb_section_0 et_pb_section et_section_regular et_block_section\">\n<div class=\"et_pb_row_0 et_pb_row et_flex_row\">\n<div class=\"et_pb_column_0 et_pb_column et-last-child et_flex_column et_pb_css_mix_blend_mode_passthrough et_flex_column_24_24 et_flex_column_24_24_tablet et_flex_column_24_24_phone\">\n<div class=\"et_pb_text_0 et_pb_text et_pb_bg_layout_light et_pb_module et_flex_module\"><div class=\"et_pb_text_inner\"><p>Construyendo<\/p>\n<\/div><\/div>\n\n<div class=\"et_pb_text_1 et_pb_text et_pb_bg_layout_light et_pb_module et_flex_module\"><div class=\"et_pb_text_inner\"><h1>Una nueva experiencia<\/h1>\n<\/div><\/div>\n\n<div class=\"et_pb_text_2 et_pb_text et_pb_bg_layout_light et_pb_module et_flex_module\"><div class=\"et_pb_text_inner\"><p>Estoy trabajando en una web dise\u00f1ada hasta el \u00faltimo detalle para mostrar c\u00f3mo el dise\u00f1o puede transformar marcas, productos y experiencias digitales.<\/p>\n<\/div><\/div>\n\n<div class=\"et_pb_text_3 et_pb_text et_pb_bg_layout_light et_pb_module et_flex_module\"><div class=\"et_pb_text_inner\"><p>Puedes contactar conmigo por Email o WhatsApp<\/p>\n<\/div><\/div>\n\n<div class=\"et_pb_text_4 et_pb_text et_pb_bg_layout_light et_pb_module et_flex_module\"><div class=\"et_pb_text_inner\"><p><a href=\"mailto:iolidmateos@gmail.com\">iolidmateos@gmail.com<\/a><\/p>\n<\/div><\/div>\n\n<div class=\"et_pb_text_5 et_pb_text et_pb_bg_layout_light et_pb_module et_flex_module\"><div class=\"et_pb_text_inner\"><p><a href=\"https:\/\/wa.me\/+34627705258\">+34 627 705 258<\/a><\/p>\n<\/div><\/div>\n<\/div>\n<\/div>\n\n<div class=\"et_pb_row_1 et_pb_row et_flex_row\">\n<div class=\"et_pb_column_1 et_pb_column et-last-child et_flex_column et_pb_css_mix_blend_mode_passthrough et_flex_column_24_24 et_flex_column_24_24_tablet et_flex_column_24_24_phone\">\n<div class=\"et_pb_code_0 et_pb_code et_pb_module\"><div class=\"et_pb_code_inner\"><div class=\"iconos_redes\">\n  \n<a href=\"https:\/\/www.instagram.com\/iolidmateoss\/\" target=\"_blank\"><img loading=\"lazy\" decoding=\"async\" src=\"https:\/\/desdesign.es\/iolidmateos\/wp-content\/uploads\/2026\/04\/ic_instagram.webp\" height=\"40\" width=\"40\" \/><\/a>\n  \n<a href=\"https:\/\/www.tiktok.com\/@iolidmateoss\" target=\"_blank\"><img loading=\"lazy\" decoding=\"async\" src=\"https:\/\/desdesign.es\/iolidmateos\/wp-content\/uploads\/2026\/04\/ic_tiktok.webp\" height=\"40\" width=\"40\" \/><\/a>\n  \n<a href=\"https:\/\/www.linkedin.com\/in\/i%C3%B1aki-olid-mateos-046a3846\/\" target=\"_blank\"><img loading=\"lazy\" decoding=\"async\" src=\"https:\/\/desdesign.es\/iolidmateos\/wp-content\/uploads\/2026\/04\/ic_linkedin.webp\" height=\"40\" width=\"40\" \/><\/a>\n  \n<\/div><\/div><\/div>\n<\/div>\n<\/div>\n<\/div>","protected":false},"excerpt":{"rendered":"","protected":false},"author":1,"featured_media":0,"parent":0,"menu_order":0,"comment_status":"closed","ping_status":"closed","template":"","meta":{"footnotes":""},"class_list":["post-106","page","type-page","status-publish","hentry"],"_links":{"self":[{"href":"https:\/\/desdesign.es\/iolidmateos\/index.php\/wp-json\/wp\/v2\/pages\/106","targetHints":{"allow":["GET"]}}],"collection":[{"href":"https:\/\/desdesign.es\/iolidmateos\/index.php\/wp-json\/wp\/v2\/pages"}],"about":[{"href":"https:\/\/desdesign.es\/iolidmateos\/index.php\/wp-json\/wp\/v2\/types\/page"}],"author":[{"embeddable":true,"href":"https:\/\/desdesign.es\/iolidmateos\/index.php\/wp-json\/wp\/v2\/users\/1"}],"replies":[{"embeddable":true,"href":"https:\/\/desdesign.es\/iolidmateos\/index.php\/wp-json\/wp\/v2\/comments?post=106"}],"version-history":[{"count":23,"href":"https:\/\/desdesign.es\/iolidmateos\/index.php\/wp-json\/wp\/v2\/pages\/106\/revisions"}],"predecessor-version":[{"id":136,"href":"https:\/\/desdesign.es\/iolidmateos\/index.php\/wp-json\/wp\/v2\/pages\/106\/revisions\/136"}],"wp:attachment":[{"href":"https:\/\/desdesign.es\/iolidmateos\/index.php\/wp-json\/wp\/v2\/media?parent=106"}],"curies":[{"name":"wp","href":"https:\/\/api.w.org\/{rel}","templated":true}]}}